{"id":6,"date":"2018-02-07T16:18:53","date_gmt":"2018-02-07T15:18:53","guid":{"rendered":"http:\/\/192.168.1.88\/wordpress\/?page_id=2"},"modified":"2018-02-07T16:18:53","modified_gmt":"2018-02-07T15:18:53","slug":"page-d-exemple-2","status":"publish","type":"page","link":"https:\/\/landrintheophileosteopathe.fr\/?page_id=6","title":{"rendered":"Le Nourrisson"},"content":{"rendered":"<h2 style=\"text-align: center;\">Ost\u00e9opathie et b\u00e9b\u00e9<\/h2>\n<p>Chaque naissance devrait \u00eatre suivie d&rsquo;un examen ost\u00e9opathique attentif, la grossesse et la naissance \u00e9tant bien souvent la source des premiers traumatismes du b\u00e9b\u00e9. Les contractions pr\u00e9coces, les anomalies de l&rsquo;ut\u00e9rus, la quantit\u00e9 de liquide amniotique, une sortie trop rapide ou trop aid\u00e9e peuvent \u00eatre \u00e0 l&rsquo;origine de troubles qui peuvent se manifester (ou pas) juste apr\u00e8s la naissance&#8230;<\/p>\n<p>Pour d\u00e9tecter ces d\u00e9s\u00e9quilibre, c&rsquo;est plus facile lorsqu&rsquo;il y a des sympt\u00f4mes. Les parents se trompent rarement et ressentent bien que leur b\u00e9b\u00e9 pleure et que ce n&rsquo;est pas simplement pour faire sa voix.<\/p>\n<h4>Quand consulter ?<\/h4>\n<p>Le plus vite possible apr\u00e8s la naissance, pour une visite de contr\u00f4le m\u00eame s&rsquo;il n&rsquo;y a pas de sympt\u00f4me. Plus le b\u00e9b\u00e9 est vu t\u00f4t et plus il est facile de d\u00e9chiffrer les empreintes des diverses tensions.<br \/>\nLe temps joue contre le th\u00e9rapeute et sa capacit\u00e9 \u00e0 aider le b\u00e9b\u00e9 \u00e0 revenir proche de la perfection&#8230; Mais ceci dit, mieux vaux tard que jamais !<\/p>\n<h3>Pour quels motifs consulter ?<\/h3>\n<h4>Lorsque votre b\u00e9b\u00e9 :<\/h4>\n<ul>\n<li>dors mal<\/li>\n<li>se cambre en jetant la t\u00eate en arri\u00e8re<\/li>\n<li>se raidit, se tortille, se met debout \u00e0 1 mois<\/li>\n<li>est tout mou<\/li>\n<li>est en retard dans ses acquisitions<\/li>\n<li>pleure souvent<\/li>\n<li>a le nez constament bouch\u00e9 et ne mouche pas<\/li>\n<li>r\u00e9gurgite<\/li>\n<li>est g\u00ean\u00e9 par ses gaz<\/li>\n<li>se tire les oreilles<\/li>\n<li>fait des mouvements r\u00e9p\u00e9titifs de la t\u00eate<\/li>\n<li>se cogne la t\u00eate<\/li>\n<li>dort contre un montant de lit<\/li>\n<li>dort sur le ventre les fesses en l&rsquo;air<\/li>\n<li>a du mal, ou met un temps infini, \u00e0 dig\u00e9rer<\/li>\n<li>tourne toujours la t\u00eate du m\u00eame c\u00f4t\u00e9<\/li>\n<li>est glouton et vite rassasi\u00e9<\/li>\n<li>a les canaux lacrymaux bouch\u00e9s<\/li>\n<li>a les yeux qui louchent<\/li>\n<li>a des probl\u00e8mes ORL a r\u00e9p\u00e9tition<\/li>\n<li>a une respiration bruyante<\/li>\n<li>sursaute au moindre bruit<\/li>\n<li>change d&rsquo;un seul coup de comportement<\/li>\n<li>a fait une grosse chute<\/li>\n<\/ul>\n<h3 style=\"text-align: center;\">N&rsquo;h\u00e9sitez pas \u00e0 en parler avec votre ost\u00e9opathe.<\/h3>\n<p style=\"text-align: right;\">T. Landrin<\/p>\n","protected":false},"excerpt":{"rendered":"<p>Ost\u00e9opathie et b\u00e9b\u00e9 Chaque naissance devrait \u00eatre suivie d&rsquo;un examen ost\u00e9opathique attentif, la grossesse et la naissance \u00e9tant bien souvent la source des premiers traumatismes du b\u00e9b\u00e9. Les contractions pr\u00e9coces, les anomalies de l&rsquo;ut\u00e9rus, la quantit\u00e9 de liquide amniotique, une sortie trop rapide ou trop aid\u00e9e peuvent \u00eatre \u00e0 l&rsquo;origine de troubles qui peuvent se [&hellip;]<\/p>\n","protected":false},"author":1,"featured_media":0,"parent":0,"menu_order":0,"comment_status":"closed","ping_status":"open","template":"","meta":{"footnotes":""},"class_list":["post-6","page","type-page","status-publish","hentry"],"_links":{"self":[{"href":"https:\/\/landrintheophileosteopathe.fr\/index.php?rest_route=\/wp\/v2\/pages\/6","targetHints":{"allow":["GET"]}}],"collection":[{"href":"https:\/\/landrintheophileosteopathe.fr\/index.php?rest_route=\/wp\/v2\/pages"}],"about":[{"href":"https:\/\/landrintheophileosteopathe.fr\/index.php?rest_route=\/wp\/v2\/types\/page"}],"author":[{"embeddable":true,"href":"https:\/\/landrintheophileosteopathe.fr\/index.php?rest_route=\/wp\/v2\/users\/1"}],"replies":[{"embeddable":true,"href":"https:\/\/landrintheophileosteopathe.fr\/index.php?rest_route=%2Fwp%2Fv2%2Fcomments&post=6"}],"version-history":[{"count":0,"href":"https:\/\/landrintheophileosteopathe.fr\/index.php?rest_route=\/wp\/v2\/pages\/6\/revisions"}],"wp:attachment":[{"href":"https:\/\/landrintheophileosteopathe.fr\/index.php?rest_route=%2Fwp%2Fv2%2Fmedia&parent=6"}],"curies":[{"name":"wp","href":"https:\/\/api.w.org\/{rel}","templated":true}]}}